{"id":954,"date":"2024-11-14T00:48:09","date_gmt":"2024-11-14T03:48:09","guid":{"rendered":"https:\/\/minduimproducoes.com.br\/?page_id=954"},"modified":"2024-11-14T01:31:46","modified_gmt":"2024-11-14T04:31:46","slug":"realizados-com-emendas","status":"publish","type":"page","link":"https:\/\/minduimproducoes.com.br\/index.php\/realizados-com-emendas\/","title":{"rendered":"Realizados com Emendas"},"content":{"rendered":"\t\t<div data-elementor-type=\"wp-post\" data-elementor-id=\"954\" class=\"elementor elementor-954\" data-elementor-post-type=\"page\">\n\t\t\t\t\t\t<section class=\"elementor-section elementor-top-section elementor-element elementor-element-575d913 elementor-section-full_width elementor-section-height-min-height elementor-section-stretched elementor-section-height-default elementor-section-items-middle\" data-id=\"575d913\" data-element_type=\"section\" data-settings=\"{&quot;jet_parallax_layout_list&quot;:[{&quot;jet_parallax_layout_image&quot;:{&quot;url&quot;:&quot;&quot;,&quot;id&quot;:&quot;&quot;,&quot;size&quot;:&quot;&quot;},&quot;_id&quot;:&quot;297d92a&quot;,&quot;jet_parallax_layout_speed&quot;:{&quot;unit&quot;:&quot;%&quot;,&quot;size&quot;:50,&quot;sizes&quot;:[]},&quot;jet_parallax_layout_image_tablet&quot;:{&quot;url&quot;:&quot;&quot;,&quot;id&quot;:&quot;&quot;,&quot;size&quot;:&quot;&quot;},&quot;jet_parallax_layout_image_mobile&quot;:{&quot;url&quot;:&quot;&quot;,&quot;id&quot;:&quot;&quot;,&quot;size&quot;:&quot;&quot;},&quot;jet_parallax_layout_type&quot;:&quot;scroll&quot;,&quot;jet_parallax_layout_direction&quot;:null,&quot;jet_parallax_layout_fx_direction&quot;:null,&quot;jet_parallax_layout_z_index&quot;:&quot;&quot;,&quot;jet_parallax_layout_bg_x&quot;:50,&quot;jet_parallax_layout_bg_x_tablet&quot;:&quot;&quot;,&quot;jet_parallax_layout_bg_x_mobile&quot;:&quot;&quot;,&quot;jet_parallax_layout_bg_y&quot;:50,&quot;jet_parallax_layout_bg_y_tablet&quot;:&quot;&quot;,&quot;jet_parallax_layout_bg_y_mobile&quot;:&quot;&quot;,&quot;jet_parallax_layout_bg_size&quot;:&quot;auto&quot;,&quot;jet_parallax_layout_bg_size_tablet&quot;:&quot;&quot;,&quot;jet_parallax_layout_bg_size_mobile&quot;:&quot;&quot;,&quot;jet_parallax_layout_animation_prop&quot;:&quot;transform&quot;,&quot;jet_parallax_layout_on&quot;:[&quot;desktop&quot;,&quot;tablet&quot;]}],&quot;stretch_section&quot;:&quot;section-stretched&quot;,&quot;background_background&quot;:&quot;classic&quot;}\">\n\t\t\t\t\t\t\t<div class=\"elementor-background-overlay\"><\/div>\n\t\t\t\t\t\t\t<div class=\"elementor-container elementor-column-gap-no\">\n\t\t\t\t\t<div class=\"elementor-column elementor-col-100 elementor-top-column elementor-element elementor-element-d3548bc\" data-id=\"d3548bc\" data-element_type=\"column\">\n\t\t\t<div class=\"elementor-widget-wrap elementor-element-populated\">\n\t\t\t\t\t\t<div class=\"elementor-element elementor-element-d45c66f elementor-widget elementor-widget-heading\" data-id=\"d45c66f\" data-element_type=\"widget\" data-widget_type=\"heading.default\">\n\t\t\t\t<div class=\"elementor-widget-container\">\n\t\t\t\t\t<h2 class=\"elementor-heading-title elementor-size-default\">Nossos projetos<\/h2>\t\t\t\t<\/div>\n\t\t\t\t<\/div>\n\t\t\t\t\t<\/div>\n\t\t<\/div>\n\t\t\t\t\t<\/div>\n\t\t<\/section>\n\t\t\t\t<section class=\"elementor-section elementor-top-section elementor-element elementor-element-67f224f elementor-section-boxed elementor-section-height-default elementor-section-height-default\" data-id=\"67f224f\" data-element_type=\"section\" data-settings=\"{&quot;jet_parallax_layout_list&quot;:[{&quot;jet_parallax_layout_image&quot;:{&quot;url&quot;:&quot;&quot;,&quot;id&quot;:&quot;&quot;,&quot;size&quot;:&quot;&quot;},&quot;_id&quot;:&quot;36a4690&quot;,&quot;jet_parallax_layout_speed&quot;:{&quot;unit&quot;:&quot;%&quot;,&quot;size&quot;:50,&quot;sizes&quot;:[]},&quot;jet_parallax_layout_image_tablet&quot;:{&quot;url&quot;:&quot;&quot;,&quot;id&quot;:&quot;&quot;,&quot;size&quot;:&quot;&quot;},&quot;jet_parallax_layout_image_mobile&quot;:{&quot;url&quot;:&quot;&quot;,&quot;id&quot;:&quot;&quot;,&quot;size&quot;:&quot;&quot;},&quot;jet_parallax_layout_type&quot;:&quot;scroll&quot;,&quot;jet_parallax_layout_direction&quot;:null,&quot;jet_parallax_layout_fx_direction&quot;:null,&quot;jet_parallax_layout_z_index&quot;:&quot;&quot;,&quot;jet_parallax_layout_bg_x&quot;:50,&quot;jet_parallax_layout_bg_x_tablet&quot;:&quot;&quot;,&quot;jet_parallax_layout_bg_x_mobile&quot;:&quot;&quot;,&quot;jet_parallax_layout_bg_y&quot;:50,&quot;jet_parallax_layout_bg_y_tablet&quot;:&quot;&quot;,&quot;jet_parallax_layout_bg_y_mobile&quot;:&quot;&quot;,&quot;jet_parallax_layout_bg_size&quot;:&quot;auto&quot;,&quot;jet_parallax_layout_bg_size_tablet&quot;:&quot;&quot;,&quot;jet_parallax_layout_bg_size_mobile&quot;:&quot;&quot;,&quot;jet_parallax_layout_animation_prop&quot;:&quot;transform&quot;,&quot;jet_parallax_layout_on&quot;:[&quot;desktop&quot;,&quot;tablet&quot;]}],&quot;background_background&quot;:&quot;classic&quot;}\">\n\t\t\t\t\t\t<div class=\"elementor-container elementor-column-gap-default\">\n\t\t\t\t\t<div class=\"elementor-column elementor-col-100 elementor-top-column elementor-element elementor-element-a0a6ecf\" data-id=\"a0a6ecf\" data-element_type=\"column\">\n\t\t\t<div class=\"elementor-widget-wrap elementor-element-populated\">\n\t\t\t\t\t\t<div class=\"elementor-element elementor-element-b5097fa elementor-widget elementor-widget-spacer\" data-id=\"b5097fa\" data-element_type=\"widget\" data-widget_type=\"spacer.default\">\n\t\t\t\t<div class=\"elementor-widget-container\">\n\t\t\t\t\t\t\t<div class=\"elementor-spacer\">\n\t\t\t<div class=\"elementor-spacer-inner\"><\/div>\n\t\t<\/div>\n\t\t\t\t\t\t<\/div>\n\t\t\t\t<\/div>\n\t\t\t\t<div class=\"elementor-element elementor-element-90f0839 elementor-align-center elementor-widget elementor-widget-raven-heading\" data-id=\"90f0839\" data-element_type=\"widget\" data-widget_type=\"raven-heading.default\">\n\t\t\t\t<div class=\"elementor-widget-container\">\n\t\t\t\t\t\t\t<div class=\"raven-widget-wrapper\"><h2 class=\"raven-heading raven-heading-h2\"><span class=\"raven-heading-title \">Projetos realizados com Emendas<\/span><\/h2><\/div>\r\n\t\t\t\t\t\t<\/div>\n\t\t\t\t<\/div>\n\t\t\t\t<div class=\"elementor-element elementor-element-b44523f elementor-widget elementor-widget-spacer\" data-id=\"b44523f\" data-element_type=\"widget\" data-widget_type=\"spacer.default\">\n\t\t\t\t<div class=\"elementor-widget-container\">\n\t\t\t\t\t\t\t<div class=\"elementor-spacer\">\n\t\t\t<div class=\"elementor-spacer-inner\"><\/div>\n\t\t<\/div>\n\t\t\t\t\t\t<\/div>\n\t\t\t\t<\/div>\n\t\t\t\t\t<\/div>\n\t\t<\/div>\n\t\t\t\t\t<\/div>\n\t\t<\/section>\n\t\t\t\t<section class=\"elementor-section elementor-top-section elementor-element elementor-element-13dda5a elementor-section-full_width elementor-section-height-default elementor-section-height-default\" data-id=\"13dda5a\" data-element_type=\"section\" data-settings=\"{&quot;jet_parallax_layout_list&quot;:[{&quot;jet_parallax_layout_image&quot;:{&quot;url&quot;:&quot;&quot;,&quot;id&quot;:&quot;&quot;,&quot;size&quot;:&quot;&quot;},&quot;_id&quot;:&quot;eb4d5bf&quot;,&quot;jet_parallax_layout_speed&quot;:{&quot;unit&quot;:&quot;%&quot;,&quot;size&quot;:50,&quot;sizes&quot;:[]},&quot;jet_parallax_layout_image_tablet&quot;:{&quot;url&quot;:&quot;&quot;,&quot;id&quot;:&quot;&quot;,&quot;size&quot;:&quot;&quot;},&quot;jet_parallax_layout_image_mobile&quot;:{&quot;url&quot;:&quot;&quot;,&quot;id&quot;:&quot;&quot;,&quot;size&quot;:&quot;&quot;},&quot;jet_parallax_layout_type&quot;:&quot;scroll&quot;,&quot;jet_parallax_layout_direction&quot;:null,&quot;jet_parallax_layout_fx_direction&quot;:null,&quot;jet_parallax_layout_z_index&quot;:&quot;&quot;,&quot;jet_parallax_layout_bg_x&quot;:50,&quot;jet_parallax_layout_bg_x_tablet&quot;:&quot;&quot;,&quot;jet_parallax_layout_bg_x_mobile&quot;:&quot;&quot;,&quot;jet_parallax_layout_bg_y&quot;:50,&quot;jet_parallax_layout_bg_y_tablet&quot;:&quot;&quot;,&quot;jet_parallax_layout_bg_y_mobile&quot;:&quot;&quot;,&quot;jet_parallax_layout_bg_size&quot;:&quot;auto&quot;,&quot;jet_parallax_layout_bg_size_tablet&quot;:&quot;&quot;,&quot;jet_parallax_layout_bg_size_mobile&quot;:&quot;&quot;,&quot;jet_parallax_layout_animation_prop&quot;:&quot;transform&quot;,&quot;jet_parallax_layout_on&quot;:[&quot;desktop&quot;,&quot;tablet&quot;]}]}\">\n\t\t\t\t\t\t<div class=\"elementor-container elementor-column-gap-no\">\n\t\t\t\t\t<div class=\"elementor-column elementor-col-100 elementor-top-column elementor-element elementor-element-3115523\" data-id=\"3115523\" data-element_type=\"column\">\n\t\t\t<div class=\"elementor-widget-wrap elementor-element-populated\">\n\t\t\t\t\t\t<div class=\"elementor-element elementor-element-4451255 raven-hover-grayscale-reverse elementor-widget elementor-widget-raven-posts-carousel\" data-id=\"4451255\" data-element_type=\"widget\" data-settings=\"{&quot;_skin&quot;:&quot;cover&quot;,&quot;cover_slides_view&quot;:&quot;4&quot;,&quot;cover_post_image_hover_effect&quot;:&quot;grayscale-reverse&quot;,&quot;cover_show_pagination&quot;:&quot;yes&quot;,&quot;cover_columns_space_between&quot;:{&quot;unit&quot;:&quot;px&quot;,&quot;size&quot;:0,&quot;sizes&quot;:[]},&quot;cover_pagination_position&quot;:&quot;inside&quot;,&quot;query_posts_per_page&quot;:10,&quot;cover_slides_view_tablet&quot;:&quot;2&quot;,&quot;cover_slides_view_mobile&quot;:&quot;1&quot;,&quot;cover_slides_scroll&quot;:&quot;1&quot;,&quot;cover_slides_scroll_tablet&quot;:&quot;1&quot;,&quot;cover_slides_scroll_mobile&quot;:&quot;1&quot;,&quot;cover_transition_speed&quot;:500,&quot;cover_enable_infinite_loop&quot;:&quot;yes&quot;,&quot;cover_pagination_type&quot;:&quot;bullets&quot;,&quot;cover_show_arrows&quot;:&quot;yes&quot;,&quot;query_offset&quot;:0,&quot;cover_columns_space_between_tablet&quot;:{&quot;unit&quot;:&quot;px&quot;,&quot;size&quot;:15,&quot;sizes&quot;:[]},&quot;cover_columns_space_between_mobile&quot;:{&quot;unit&quot;:&quot;px&quot;,&quot;size&quot;:15,&quot;sizes&quot;:[]}}\" data-widget_type=\"raven-posts-carousel.cover\">\n\t\t\t\t<div class=\"elementor-widget-container\">\n\t\t\t\t\t\t\t<div class=\"raven-posts-carousel raven-swiper-slider\">\r\n\t\t\t<div class=\"raven-posts-carousel-swiper-container swiper\">\r\n\t\t\t\t<div class=\"swiper-wrapper swiper-columns-4\" data-swiper='{&quot;rtl&quot;:false}'>\r\n\t\t\r\n\t\t<div class=\"swiper-slide\">\r\n\t\t\t<div class=\"raven-post-wrapper\">\r\n\t\t\t\t<div class=\"raven-post raven-post-inside\">\r\n\t\t\t\t\t\t\t<div class=\"raven-post-image-wrap\">\r\n\t\t\t<div class=\"raven-post-image raven-image-fit\" ><img fetchpriority=\"high\" decoding=\"async\" width=\"600\" height=\"537\" src=\"https:\/\/minduimproducoes.com.br\/wp-content\/uploads\/2024\/11\/436338488_122101654478323266_2196841508045585584_n.jpg\" class=\"attachment-full size-full wp-image-959\" alt=\"\" srcset=\"https:\/\/minduimproducoes.com.br\/wp-content\/uploads\/2024\/11\/436338488_122101654478323266_2196841508045585584_n.jpg 600w, https:\/\/minduimproducoes.com.br\/wp-content\/uploads\/2024\/11\/436338488_122101654478323266_2196841508045585584_n-300x269.jpg 300w\" sizes=\"(max-width: 600px) 100vw, 600px\" \/> <span class=\"raven-post-image-overlay\"><\/span><\/div>\t\t<\/div>\r\n\t\t\t\t\t\t\t\t<div class=\"raven-post-content\">\r\n\t\t\t\t\t\t\t<h3 class=\"raven-post-title\"><a class=\"raven-post-title-link\" href=\"https:\/\/minduimproducoes.com.br\/index.php\/2024\/11\/14\/caravana-vera-cruz\/\">Caravana Vera Cruz<\/a><\/h3>\t\t<div class=\"raven-post-read-more\">\r\n\t\t\t<a class=\"raven-post-button\" href=\"https:\/\/minduimproducoes.com.br\/index.php\/2024\/11\/14\/caravana-vera-cruz\/\"><span class=\"raven-post-button-text\">Sa\u00edba mais<\/span><\/a>\r\n\t\t<\/div>\r\n\t\t\t\t\t\t\t\t<\/div>\r\n\t\t\t\t\t\t\t\t\t\t<\/div>\r\n\t\t\t<\/div>\r\n\t\t<\/div>\r\n\t\t\r\n\t\t<div class=\"swiper-slide\">\r\n\t\t\t<div class=\"raven-post-wrapper\">\r\n\t\t\t\t<div class=\"raven-post raven-post-inside\">\r\n\t\t\t\t\t\t\t<div class=\"raven-post-image-wrap\">\r\n\t\t\t<div class=\"raven-post-image raven-image-fit\" ><img fetchpriority=\"high\" decoding=\"async\" width=\"600\" height=\"537\" src=\"https:\/\/minduimproducoes.com.br\/wp-content\/uploads\/2024\/11\/436338488_122101654478323266_2196841508045585584_n.jpg\" class=\"attachment-full size-full wp-image-959\" alt=\"\" srcset=\"https:\/\/minduimproducoes.com.br\/wp-content\/uploads\/2024\/11\/436338488_122101654478323266_2196841508045585584_n.jpg 600w, https:\/\/minduimproducoes.com.br\/wp-content\/uploads\/2024\/11\/436338488_122101654478323266_2196841508045585584_n-300x269.jpg 300w\" sizes=\"(max-width: 600px) 100vw, 600px\" \/> <span class=\"raven-post-image-overlay\"><\/span><\/div>\t\t<\/div>\r\n\t\t\t\t\t\t\t\t<div class=\"raven-post-content\">\r\n\t\t\t\t\t\t\t<h3 class=\"raven-post-title\"><a class=\"raven-post-title-link\" href=\"https:\/\/minduimproducoes.com.br\/index.php\/2024\/11\/14\/acao-social-no-residencial-conquista\/\">A\u00e7\u00e3o Social no Residencial Conquista<\/a><\/h3>\t\t<div class=\"raven-post-read-more\">\r\n\t\t\t<a class=\"raven-post-button\" href=\"https:\/\/minduimproducoes.com.br\/index.php\/2024\/11\/14\/acao-social-no-residencial-conquista\/\"><span class=\"raven-post-button-text\">Sa\u00edba mais<\/span><\/a>\r\n\t\t<\/div>\r\n\t\t\t\t\t\t\t\t<\/div>\r\n\t\t\t\t\t\t\t\t\t\t<\/div>\r\n\t\t\t<\/div>\r\n\t\t<\/div>\r\n\t\t\t\t\t\t<\/div>\r\n\t\t<div class=\"swiper-pagination swiper-pager-inside bullets-pagination-type\"><\/div>\r\n\t\t<\/div>\r\n\r\n\t\t\t\t\t\t\t<div class=\"swiper-button-prev\"><\/div>\r\n\t\t\t\t<div class=\"swiper-button-next\"><\/div>\r\n\t\t\t\r\n\t\t<\/div>\r\n\t\t\t\t\t\t<\/div>\n\t\t\t\t<\/div>\n\t\t\t\t\t<\/div>\n\t\t<\/div>\n\t\t\t\t\t<\/div>\n\t\t<\/section>\n\t\t\t\t<\/div>\n\t\t","protected":false},"excerpt":{"rendered":"<p>Nossos projetos Projetos realizados com Emendas Caravana Vera Cruz Sa\u00edba mais A\u00e7\u00e3o Social no Residencial Conquista Sa\u00edba mais<\/p>\n","protected":false},"author":1,"featured_media":0,"parent":0,"menu_order":0,"comment_status":"closed","ping_status":"closed","template":"elementor_header_footer","meta":{"_acf_changed":false,"_joinchat":[],"footnotes":""},"class_list":["post-954","page","type-page","status-publish","hentry"],"acf":[],"_links":{"self":[{"href":"https:\/\/minduimproducoes.com.br\/index.php\/wp-json\/wp\/v2\/pages\/954","targetHints":{"allow":["GET"]}}],"collection":[{"href":"https:\/\/minduimproducoes.com.br\/index.php\/wp-json\/wp\/v2\/pages"}],"about":[{"href":"https:\/\/minduimproducoes.com.br\/index.php\/wp-json\/wp\/v2\/types\/page"}],"author":[{"embeddable":true,"href":"https:\/\/minduimproducoes.com.br\/index.php\/wp-json\/wp\/v2\/users\/1"}],"replies":[{"embeddable":true,"href":"https:\/\/minduimproducoes.com.br\/index.php\/wp-json\/wp\/v2\/comments?post=954"}],"version-history":[{"count":3,"href":"https:\/\/minduimproducoes.com.br\/index.php\/wp-json\/wp\/v2\/pages\/954\/revisions"}],"predecessor-version":[{"id":975,"href":"https:\/\/minduimproducoes.com.br\/index.php\/wp-json\/wp\/v2\/pages\/954\/revisions\/975"}],"wp:attachment":[{"href":"https:\/\/minduimproducoes.com.br\/index.php\/wp-json\/wp\/v2\/media?parent=954"}],"curies":[{"name":"wp","href":"https:\/\/api.w.org\/{rel}","templated":true}]}}