{"id":506,"date":"2024-10-17T13:34:30","date_gmt":"2024-10-17T16:34:30","guid":{"rendered":"https:\/\/minduimproducoes.com.br\/?page_id=506"},"modified":"2024-11-05T15:11:11","modified_gmt":"2024-11-05T18:11:11","slug":"projetos-para-incentivar","status":"publish","type":"page","link":"https:\/\/minduimproducoes.com.br\/index.php\/projetos-para-incentivar\/","title":{"rendered":"Projetos para Incentivar"},"content":{"rendered":"\t\t<div data-elementor-type=\"wp-post\" data-elementor-id=\"506\" class=\"elementor elementor-506\" data-elementor-post-type=\"page\">\n\t\t\t\t\t\t<section class=\"elementor-section elementor-top-section elementor-element elementor-element-8246729 elementor-section-full_width elementor-section-height-min-height elementor-section-stretched elementor-section-height-default elementor-section-items-middle\" data-id=\"8246729\" data-element_type=\"section\" data-settings=\"{&quot;jet_parallax_layout_list&quot;:[{&quot;jet_parallax_layout_image&quot;:{&quot;url&quot;:&quot;&quot;,&quot;id&quot;:&quot;&quot;,&quot;size&quot;:&quot;&quot;},&quot;_id&quot;:&quot;297d92a&quot;,&quot;jet_parallax_layout_speed&quot;:{&quot;unit&quot;:&quot;%&quot;,&quot;size&quot;:50,&quot;sizes&quot;:[]},&quot;jet_parallax_layout_image_tablet&quot;:{&quot;url&quot;:&quot;&quot;,&quot;id&quot;:&quot;&quot;,&quot;size&quot;:&quot;&quot;},&quot;jet_parallax_layout_image_mobile&quot;:{&quot;url&quot;:&quot;&quot;,&quot;id&quot;:&quot;&quot;,&quot;size&quot;:&quot;&quot;},&quot;jet_parallax_layout_type&quot;:&quot;scroll&quot;,&quot;jet_parallax_layout_direction&quot;:null,&quot;jet_parallax_layout_fx_direction&quot;:null,&quot;jet_parallax_layout_z_index&quot;:&quot;&quot;,&quot;jet_parallax_layout_bg_x&quot;:50,&quot;jet_parallax_layout_bg_x_tablet&quot;:&quot;&quot;,&quot;jet_parallax_layout_bg_x_mobile&quot;:&quot;&quot;,&quot;jet_parallax_layout_bg_y&quot;:50,&quot;jet_parallax_layout_bg_y_tablet&quot;:&quot;&quot;,&quot;jet_parallax_layout_bg_y_mobile&quot;:&quot;&quot;,&quot;jet_parallax_layout_bg_size&quot;:&quot;auto&quot;,&quot;jet_parallax_layout_bg_size_tablet&quot;:&quot;&quot;,&quot;jet_parallax_layout_bg_size_mobile&quot;:&quot;&quot;,&quot;jet_parallax_layout_animation_prop&quot;:&quot;transform&quot;,&quot;jet_parallax_layout_on&quot;:[&quot;desktop&quot;,&quot;tablet&quot;]}],&quot;stretch_section&quot;:&quot;section-stretched&quot;,&quot;background_background&quot;:&quot;classic&quot;}\">\n\t\t\t\t\t\t\t<div class=\"elementor-background-overlay\"><\/div>\n\t\t\t\t\t\t\t<div class=\"elementor-container elementor-column-gap-no\">\n\t\t\t\t\t<div class=\"elementor-column elementor-col-100 elementor-top-column elementor-element elementor-element-f83d32e\" data-id=\"f83d32e\" data-element_type=\"column\">\n\t\t\t<div class=\"elementor-widget-wrap elementor-element-populated\">\n\t\t\t\t\t\t<div class=\"elementor-element elementor-element-3ae0efa elementor-widget elementor-widget-heading\" data-id=\"3ae0efa\" data-element_type=\"widget\" data-widget_type=\"heading.default\">\n\t\t\t\t<div class=\"elementor-widget-container\">\n\t\t\t\t\t<h2 class=\"elementor-heading-title elementor-size-default\">Nossos projetos<\/h2>\t\t\t\t<\/div>\n\t\t\t\t<\/div>\n\t\t\t\t\t<\/div>\n\t\t<\/div>\n\t\t\t\t\t<\/div>\n\t\t<\/section>\n\t\t\t\t<section class=\"elementor-section elementor-top-section elementor-element elementor-element-ce468b9 elementor-section-boxed elementor-section-height-default elementor-section-height-default\" data-id=\"ce468b9\" data-element_type=\"section\" data-settings=\"{&quot;jet_parallax_layout_list&quot;:[{&quot;jet_parallax_layout_image&quot;:{&quot;url&quot;:&quot;&quot;,&quot;id&quot;:&quot;&quot;,&quot;size&quot;:&quot;&quot;},&quot;_id&quot;:&quot;36a4690&quot;,&quot;jet_parallax_layout_speed&quot;:{&quot;unit&quot;:&quot;%&quot;,&quot;size&quot;:50,&quot;sizes&quot;:[]},&quot;jet_parallax_layout_image_tablet&quot;:{&quot;url&quot;:&quot;&quot;,&quot;id&quot;:&quot;&quot;,&quot;size&quot;:&quot;&quot;},&quot;jet_parallax_layout_image_mobile&quot;:{&quot;url&quot;:&quot;&quot;,&quot;id&quot;:&quot;&quot;,&quot;size&quot;:&quot;&quot;},&quot;jet_parallax_layout_type&quot;:&quot;scroll&quot;,&quot;jet_parallax_layout_direction&quot;:null,&quot;jet_parallax_layout_fx_direction&quot;:null,&quot;jet_parallax_layout_z_index&quot;:&quot;&quot;,&quot;jet_parallax_layout_bg_x&quot;:50,&quot;jet_parallax_layout_bg_x_tablet&quot;:&quot;&quot;,&quot;jet_parallax_layout_bg_x_mobile&quot;:&quot;&quot;,&quot;jet_parallax_layout_bg_y&quot;:50,&quot;jet_parallax_layout_bg_y_tablet&quot;:&quot;&quot;,&quot;jet_parallax_layout_bg_y_mobile&quot;:&quot;&quot;,&quot;jet_parallax_layout_bg_size&quot;:&quot;auto&quot;,&quot;jet_parallax_layout_bg_size_tablet&quot;:&quot;&quot;,&quot;jet_parallax_layout_bg_size_mobile&quot;:&quot;&quot;,&quot;jet_parallax_layout_animation_prop&quot;:&quot;transform&quot;,&quot;jet_parallax_layout_on&quot;:[&quot;desktop&quot;,&quot;tablet&quot;]}],&quot;background_background&quot;:&quot;classic&quot;}\">\n\t\t\t\t\t\t<div class=\"elementor-container elementor-column-gap-default\">\n\t\t\t\t\t<div class=\"elementor-column elementor-col-100 elementor-top-column elementor-element elementor-element-9b41bdf\" data-id=\"9b41bdf\" data-element_type=\"column\">\n\t\t\t<div class=\"elementor-widget-wrap elementor-element-populated\">\n\t\t\t\t\t\t<div class=\"elementor-element elementor-element-b85564c elementor-widget elementor-widget-spacer\" data-id=\"b85564c\" data-element_type=\"widget\" data-widget_type=\"spacer.default\">\n\t\t\t\t<div class=\"elementor-widget-container\">\n\t\t\t\t\t\t\t<div class=\"elementor-spacer\">\n\t\t\t<div class=\"elementor-spacer-inner\"><\/div>\n\t\t<\/div>\n\t\t\t\t\t\t<\/div>\n\t\t\t\t<\/div>\n\t\t\t\t<div class=\"elementor-element elementor-element-1c8360b elementor-align-center elementor-widget elementor-widget-raven-heading\" data-id=\"1c8360b\" data-element_type=\"widget\" data-widget_type=\"raven-heading.default\">\n\t\t\t\t<div class=\"elementor-widget-container\">\n\t\t\t\t\t\t\t<div class=\"raven-widget-wrapper\"><h2 class=\"raven-heading raven-heading-h2\"><span class=\"raven-heading-title \">Projetos para incentivar<\/span><\/h2><\/div>\r\n\t\t\t\t\t\t<\/div>\n\t\t\t\t<\/div>\n\t\t\t\t<div class=\"elementor-element elementor-element-b912f49 elementor-widget elementor-widget-spacer\" data-id=\"b912f49\" data-element_type=\"widget\" data-widget_type=\"spacer.default\">\n\t\t\t\t<div class=\"elementor-widget-container\">\n\t\t\t\t\t\t\t<div class=\"elementor-spacer\">\n\t\t\t<div class=\"elementor-spacer-inner\"><\/div>\n\t\t<\/div>\n\t\t\t\t\t\t<\/div>\n\t\t\t\t<\/div>\n\t\t\t\t\t<\/div>\n\t\t<\/div>\n\t\t\t\t\t<\/div>\n\t\t<\/section>\n\t\t\t\t<section class=\"elementor-section elementor-top-section elementor-element elementor-element-1242194 elementor-section-full_width elementor-section-height-default elementor-section-height-default\" data-id=\"1242194\" data-element_type=\"section\" data-settings=\"{&quot;jet_parallax_layout_list&quot;:[{&quot;jet_parallax_layout_image&quot;:{&quot;url&quot;:&quot;&quot;,&quot;id&quot;:&quot;&quot;,&quot;size&quot;:&quot;&quot;},&quot;_id&quot;:&quot;eb4d5bf&quot;,&quot;jet_parallax_layout_speed&quot;:{&quot;unit&quot;:&quot;%&quot;,&quot;size&quot;:50,&quot;sizes&quot;:[]},&quot;jet_parallax_layout_image_tablet&quot;:{&quot;url&quot;:&quot;&quot;,&quot;id&quot;:&quot;&quot;,&quot;size&quot;:&quot;&quot;},&quot;jet_parallax_layout_image_mobile&quot;:{&quot;url&quot;:&quot;&quot;,&quot;id&quot;:&quot;&quot;,&quot;size&quot;:&quot;&quot;},&quot;jet_parallax_layout_type&quot;:&quot;scroll&quot;,&quot;jet_parallax_layout_direction&quot;:null,&quot;jet_parallax_layout_fx_direction&quot;:null,&quot;jet_parallax_layout_z_index&quot;:&quot;&quot;,&quot;jet_parallax_layout_bg_x&quot;:50,&quot;jet_parallax_layout_bg_x_tablet&quot;:&quot;&quot;,&quot;jet_parallax_layout_bg_x_mobile&quot;:&quot;&quot;,&quot;jet_parallax_layout_bg_y&quot;:50,&quot;jet_parallax_layout_bg_y_tablet&quot;:&quot;&quot;,&quot;jet_parallax_layout_bg_y_mobile&quot;:&quot;&quot;,&quot;jet_parallax_layout_bg_size&quot;:&quot;auto&quot;,&quot;jet_parallax_layout_bg_size_tablet&quot;:&quot;&quot;,&quot;jet_parallax_layout_bg_size_mobile&quot;:&quot;&quot;,&quot;jet_parallax_layout_animation_prop&quot;:&quot;transform&quot;,&quot;jet_parallax_layout_on&quot;:[&quot;desktop&quot;,&quot;tablet&quot;]}]}\">\n\t\t\t\t\t\t<div class=\"elementor-container elementor-column-gap-no\">\n\t\t\t\t\t<div class=\"elementor-column elementor-col-100 elementor-top-column elementor-element elementor-element-92a69af\" data-id=\"92a69af\" data-element_type=\"column\">\n\t\t\t<div class=\"elementor-widget-wrap elementor-element-populated\">\n\t\t\t\t\t\t<div class=\"elementor-element elementor-element-c47c4a0 raven-hover-grayscale-reverse elementor-widget elementor-widget-raven-posts-carousel\" data-id=\"c47c4a0\" data-element_type=\"widget\" data-settings=\"{&quot;_skin&quot;:&quot;cover&quot;,&quot;cover_slides_view&quot;:&quot;4&quot;,&quot;cover_post_image_hover_effect&quot;:&quot;grayscale-reverse&quot;,&quot;cover_show_pagination&quot;:&quot;yes&quot;,&quot;cover_columns_space_between&quot;:{&quot;unit&quot;:&quot;px&quot;,&quot;size&quot;:0,&quot;sizes&quot;:[]},&quot;cover_pagination_position&quot;:&quot;inside&quot;,&quot;query_posts_per_page&quot;:10,&quot;cover_slides_view_tablet&quot;:&quot;2&quot;,&quot;cover_slides_view_mobile&quot;:&quot;1&quot;,&quot;cover_slides_scroll&quot;:&quot;1&quot;,&quot;cover_slides_scroll_tablet&quot;:&quot;1&quot;,&quot;cover_slides_scroll_mobile&quot;:&quot;1&quot;,&quot;cover_transition_speed&quot;:500,&quot;cover_enable_infinite_loop&quot;:&quot;yes&quot;,&quot;cover_pagination_type&quot;:&quot;bullets&quot;,&quot;cover_show_arrows&quot;:&quot;yes&quot;,&quot;query_offset&quot;:0,&quot;cover_columns_space_between_tablet&quot;:{&quot;unit&quot;:&quot;px&quot;,&quot;size&quot;:15,&quot;sizes&quot;:[]},&quot;cover_columns_space_between_mobile&quot;:{&quot;unit&quot;:&quot;px&quot;,&quot;size&quot;:15,&quot;sizes&quot;:[]}}\" data-widget_type=\"raven-posts-carousel.cover\">\n\t\t\t\t<div class=\"elementor-widget-container\">\n\t\t\t\t\t\t\t<div class=\"raven-posts-carousel raven-swiper-slider\">\r\n\t\t\t<div class=\"raven-posts-carousel-swiper-container swiper\">\r\n\t\t\t\t<div class=\"swiper-wrapper swiper-columns-4\" data-swiper='{&quot;rtl&quot;:false}'>\r\n\t\t\r\n\t\t<div class=\"swiper-slide\">\r\n\t\t\t<div class=\"raven-post-wrapper\">\r\n\t\t\t\t<div class=\"raven-post raven-post-inside\">\r\n\t\t\t\t\t\t\t<div class=\"raven-post-image-wrap\">\r\n\t\t\t<div class=\"raven-post-image raven-image-fit\" ><img fetchpriority=\"high\" decoding=\"async\" width=\"1024\" height=\"576\" src=\"https:\/\/minduimproducoes.com.br\/wp-content\/uploads\/2025\/11\/sons-da-baixada-1024x576.jpg\" class=\"attachment-large size-large wp-image-1043\" alt=\"\" srcset=\"https:\/\/minduimproducoes.com.br\/wp-content\/uploads\/2025\/11\/sons-da-baixada-1024x576.jpg 1024w, https:\/\/minduimproducoes.com.br\/wp-content\/uploads\/2025\/11\/sons-da-baixada-300x169.jpg 300w, https:\/\/minduimproducoes.com.br\/wp-content\/uploads\/2025\/11\/sons-da-baixada-768x432.jpg 768w, https:\/\/minduimproducoes.com.br\/wp-content\/uploads\/2025\/11\/sons-da-baixada-1536x864.jpg 1536w, https:\/\/minduimproducoes.com.br\/wp-content\/uploads\/2025\/11\/sons-da-baixada.jpg 2000w\" sizes=\"(max-width: 1024px) 100vw, 1024px\" \/> <span class=\"raven-post-image-overlay\"><\/span><\/div>\t\t<\/div>\r\n\t\t\t\t\t\t\t\t<div class=\"raven-post-content\">\r\n\t\t\t\t\t\t\t<h3 class=\"raven-post-title\"><a class=\"raven-post-title-link\" href=\"https:\/\/minduimproducoes.com.br\/index.php\/2025\/11\/21\/sons-da-baixada\/\">Sons da Baixada<\/a><\/h3>\t\t<div class=\"raven-post-read-more\">\r\n\t\t\t<a class=\"raven-post-button\" href=\"https:\/\/minduimproducoes.com.br\/index.php\/2025\/11\/21\/sons-da-baixada\/\"><span class=\"raven-post-button-text\">Sa\u00edba mais<\/span><\/a>\r\n\t\t<\/div>\r\n\t\t\t\t\t\t\t\t<\/div>\r\n\t\t\t\t\t\t\t\t\t\t<\/div>\r\n\t\t\t<\/div>\r\n\t\t<\/div>\r\n\t\t\r\n\t\t<div class=\"swiper-slide\">\r\n\t\t\t<div class=\"raven-post-wrapper\">\r\n\t\t\t\t<div class=\"raven-post raven-post-inside\">\r\n\t\t\t\t\t\t\t<div class=\"raven-post-image-wrap\">\r\n\t\t\t<div class=\"raven-post-image raven-image-fit\" ><img decoding=\"async\" width=\"1024\" height=\"576\" src=\"https:\/\/minduimproducoes.com.br\/wp-content\/uploads\/2025\/11\/APRESENTACAO-AMA-AUTISTA-CAPTACAO-1-1024x576.jpg\" class=\"attachment-large size-large wp-image-1036\" alt=\"\" srcset=\"https:\/\/minduimproducoes.com.br\/wp-content\/uploads\/2025\/11\/APRESENTACAO-AMA-AUTISTA-CAPTACAO-1-1024x576.jpg 1024w, https:\/\/minduimproducoes.com.br\/wp-content\/uploads\/2025\/11\/APRESENTACAO-AMA-AUTISTA-CAPTACAO-1-300x169.jpg 300w, https:\/\/minduimproducoes.com.br\/wp-content\/uploads\/2025\/11\/APRESENTACAO-AMA-AUTISTA-CAPTACAO-1-768x432.jpg 768w, https:\/\/minduimproducoes.com.br\/wp-content\/uploads\/2025\/11\/APRESENTACAO-AMA-AUTISTA-CAPTACAO-1-1536x864.jpg 1536w, https:\/\/minduimproducoes.com.br\/wp-content\/uploads\/2025\/11\/APRESENTACAO-AMA-AUTISTA-CAPTACAO-1.jpg 2000w\" sizes=\"(max-width: 1024px) 100vw, 1024px\" \/> <span class=\"raven-post-image-overlay\"><\/span><\/div>\t\t<\/div>\r\n\t\t\t\t\t\t\t\t<div class=\"raven-post-content\">\r\n\t\t\t\t\t\t\t<h3 class=\"raven-post-title\"><a class=\"raven-post-title-link\" href=\"https:\/\/minduimproducoes.com.br\/index.php\/2025\/11\/21\/associacao-ama-autismo-abracando-as-diferencas\/\">Associa\u00e7\u00e3o AMA Autismo Abra\u00e7ando as diferen\u00e7as<\/a><\/h3>\t\t<div class=\"raven-post-read-more\">\r\n\t\t\t<a class=\"raven-post-button\" href=\"https:\/\/minduimproducoes.com.br\/index.php\/2025\/11\/21\/associacao-ama-autismo-abracando-as-diferencas\/\"><span class=\"raven-post-button-text\">Sa\u00edba mais<\/span><\/a>\r\n\t\t<\/div>\r\n\t\t\t\t\t\t\t\t<\/div>\r\n\t\t\t\t\t\t\t\t\t\t<\/div>\r\n\t\t\t<\/div>\r\n\t\t<\/div>\r\n\t\t\r\n\t\t<div class=\"swiper-slide\">\r\n\t\t\t<div class=\"raven-post-wrapper\">\r\n\t\t\t\t<div class=\"raven-post raven-post-inside\">\r\n\t\t\t\t\t\t\t<div class=\"raven-post-image-wrap\">\r\n\t\t\t<div class=\"raven-post-image raven-image-fit\" ><img decoding=\"async\" width=\"1024\" height=\"682\" src=\"https:\/\/minduimproducoes.com.br\/wp-content\/uploads\/2025\/09\/capa-bandolim-eletrico-1024x682.jpg\" class=\"attachment-large size-large wp-image-999\" alt=\"\" srcset=\"https:\/\/minduimproducoes.com.br\/wp-content\/uploads\/2025\/09\/capa-bandolim-eletrico-1024x682.jpg 1024w, https:\/\/minduimproducoes.com.br\/wp-content\/uploads\/2025\/09\/capa-bandolim-eletrico-300x200.jpg 300w, https:\/\/minduimproducoes.com.br\/wp-content\/uploads\/2025\/09\/capa-bandolim-eletrico-768x512.jpg 768w, https:\/\/minduimproducoes.com.br\/wp-content\/uploads\/2025\/09\/capa-bandolim-eletrico.jpg 1400w\" sizes=\"(max-width: 1024px) 100vw, 1024px\" \/> <span class=\"raven-post-image-overlay\"><\/span><\/div>\t\t<\/div>\r\n\t\t\t\t\t\t\t\t<div class=\"raven-post-content\">\r\n\t\t\t\t\t\t\t<h3 class=\"raven-post-title\"><a class=\"raven-post-title-link\" href=\"https:\/\/minduimproducoes.com.br\/index.php\/2025\/09\/01\/concerto-de-bandolin-ao-vivo\/\">Concerto de Bandolim ao Vivo<\/a><\/h3>\t\t<div class=\"raven-post-read-more\">\r\n\t\t\t<a class=\"raven-post-button\" href=\"https:\/\/minduimproducoes.com.br\/index.php\/2025\/09\/01\/concerto-de-bandolin-ao-vivo\/\"><span class=\"raven-post-button-text\">Sa\u00edba mais<\/span><\/a>\r\n\t\t<\/div>\r\n\t\t\t\t\t\t\t\t<\/div>\r\n\t\t\t\t\t\t\t\t\t\t<\/div>\r\n\t\t\t<\/div>\r\n\t\t<\/div>\r\n\t\t\r\n\t\t<div class=\"swiper-slide\">\r\n\t\t\t<div class=\"raven-post-wrapper\">\r\n\t\t\t\t<div class=\"raven-post raven-post-inside\">\r\n\t\t\t\t\t\t\t<div class=\"raven-post-image-wrap\">\r\n\t\t\t<div class=\"raven-post-image raven-image-fit\" ><img loading=\"lazy\" decoding=\"async\" width=\"1024\" height=\"696\" src=\"https:\/\/minduimproducoes.com.br\/wp-content\/uploads\/2024\/10\/Imagem-do-WhatsApp-de-2024-10-29-as-23.18.17_82483f38-1024x696.jpg\" class=\"attachment-large size-large wp-image-789\" alt=\"\" srcset=\"https:\/\/minduimproducoes.com.br\/wp-content\/uploads\/2024\/10\/Imagem-do-WhatsApp-de-2024-10-29-as-23.18.17_82483f38-1024x696.jpg 1024w, https:\/\/minduimproducoes.com.br\/wp-content\/uploads\/2024\/10\/Imagem-do-WhatsApp-de-2024-10-29-as-23.18.17_82483f38-300x204.jpg 300w, https:\/\/minduimproducoes.com.br\/wp-content\/uploads\/2024\/10\/Imagem-do-WhatsApp-de-2024-10-29-as-23.18.17_82483f38-768x522.jpg 768w, https:\/\/minduimproducoes.com.br\/wp-content\/uploads\/2024\/10\/Imagem-do-WhatsApp-de-2024-10-29-as-23.18.17_82483f38.jpg 1039w\" sizes=\"(max-width: 1024px) 100vw, 1024px\" \/> <span class=\"raven-post-image-overlay\"><\/span><\/div>\t\t<\/div>\r\n\t\t\t\t\t\t\t\t<div class=\"raven-post-content\">\r\n\t\t\t\t\t\t\t<h3 class=\"raven-post-title\"><a class=\"raven-post-title-link\" href=\"https:\/\/minduimproducoes.com.br\/index.php\/2024\/10\/29\/as-aventuras-do-capitao-fralda\/\">As Aventuras do Capit\u00e3o Fralda<\/a><\/h3>\t\t<div class=\"raven-post-read-more\">\r\n\t\t\t<a class=\"raven-post-button\" href=\"https:\/\/minduimproducoes.com.br\/index.php\/2024\/10\/29\/as-aventuras-do-capitao-fralda\/\"><span class=\"raven-post-button-text\">Sa\u00edba mais<\/span><\/a>\r\n\t\t<\/div>\r\n\t\t\t\t\t\t\t\t<\/div>\r\n\t\t\t\t\t\t\t\t\t\t<\/div>\r\n\t\t\t<\/div>\r\n\t\t<\/div>\r\n\t\t\t\t\t\t<\/div>\r\n\t\t<div class=\"swiper-pagination swiper-pager-inside bullets-pagination-type\"><\/div>\r\n\t\t<\/div>\r\n\r\n\t\t\t\t\t\t\t<div class=\"swiper-button-prev\"><\/div>\r\n\t\t\t\t<div class=\"swiper-button-next\"><\/div>\r\n\t\t\t\r\n\t\t<\/div>\r\n\t\t\t\t\t\t<\/div>\n\t\t\t\t<\/div>\n\t\t\t\t\t<\/div>\n\t\t<\/div>\n\t\t\t\t\t<\/div>\n\t\t<\/section>\n\t\t\t\t<\/div>\n\t\t","protected":false},"excerpt":{"rendered":"<p>Nossos projetos Projetos para incentivar BCFW Sa\u00edba mais Ver\u00e3o P\u00e9 na Areia 2025 Sa\u00edba mais Cria Cine Sa\u00edba mais Tarde Sertaneja Sa\u00edba mais Plant Festival Sa\u00edba mais Goi\u00e1s Gira Mundo Sa\u00edba mais Concerto bandolim ao\u00a0vivo Sa\u00edba mais Caf\u00e9 Blues Festival Sa\u00edba mais As Aventuras do Capit\u00e3o Fralda Sa\u00edba mais<\/p>\n","protected":false},"author":1,"featured_media":0,"parent":0,"menu_order":0,"comment_status":"closed","ping_status":"closed","template":"elementor_header_footer","meta":{"_acf_changed":false,"_joinchat":[],"footnotes":""},"class_list":["post-506","page","type-page","status-publish","hentry"],"acf":[],"_links":{"self":[{"href":"https:\/\/minduimproducoes.com.br\/index.php\/wp-json\/wp\/v2\/pages\/506","targetHints":{"allow":["GET"]}}],"collection":[{"href":"https:\/\/minduimproducoes.com.br\/index.php\/wp-json\/wp\/v2\/pages"}],"about":[{"href":"https:\/\/minduimproducoes.com.br\/index.php\/wp-json\/wp\/v2\/types\/page"}],"author":[{"embeddable":true,"href":"https:\/\/minduimproducoes.com.br\/index.php\/wp-json\/wp\/v2\/users\/1"}],"replies":[{"embeddable":true,"href":"https:\/\/minduimproducoes.com.br\/index.php\/wp-json\/wp\/v2\/comments?post=506"}],"version-history":[{"count":27,"href":"https:\/\/minduimproducoes.com.br\/index.php\/wp-json\/wp\/v2\/pages\/506\/revisions"}],"predecessor-version":[{"id":933,"href":"https:\/\/minduimproducoes.com.br\/index.php\/wp-json\/wp\/v2\/pages\/506\/revisions\/933"}],"wp:attachment":[{"href":"https:\/\/minduimproducoes.com.br\/index.php\/wp-json\/wp\/v2\/media?parent=506"}],"curies":[{"name":"wp","href":"https:\/\/api.w.org\/{rel}","templated":true}]}}